{"id":533,"date":"2023-09-25T09:23:44","date_gmt":"2023-09-25T14:23:44","guid":{"rendered":"https:\/\/casaterracota.com\/entradas\/?page_id=533"},"modified":"2024-12-25T08:02:04","modified_gmt":"2024-12-25T13:02:04","slug":"entre-semana-temporada-alta","status":"publish","type":"page","link":"https:\/\/casaterracota.com\/entradas\/entre-semana-temporada-alta\/","title":{"rendered":"Entre semana Temporada Alta &#8211; Recorrido Autoguiado"},"content":{"rendered":"<div class=\"gb-container gb-container-667e8267\">\n<div class=\"gb-container gb-container-c5d0c306\">\n\n<p class=\"gb-headline gb-headline-518fce15 gb-headline-text\"><strong>Selecciona la cantidad de entradas que quieres comprar<\/strong><\/p>\n\n\n\n<p><strong>Recorrido autoguiado:<\/strong> Tendr\u00e1s acceso a la explicaci\u00f3n del arquitecto a trav\u00e9s de audios y videos mediante c\u00f3digos QR. Wi-Fi gratuito disponible.<\/p>\n\n<\/div>\n\n<div class=\"gb-container gb-container-8a882e69\">\n\n            <div class=\"tc-event-add-to-cart-group-wrap tc-event-add-to-cart-columns \">\r\n                                    <table cellspacing=\"0\" class=\"event_tickets tickera\" style=\"\">\r\n                        <tr style=\"\">\r\n                                                        <th style=\"\">Entradas<\/th>\r\n                                                        <th style=\"\">Precio<\/th>\r\n                                                                                            <th style=\"\">Cant.<\/th>\r\n                                                                                    <th style=\"\">Comprar<\/th>\r\n                        <\/tr>\r\n                    <\/table>\r\n                            <\/div>\r\n            \n\n                    <div class=\"tc-event-add-to-cart-group-wrap tc-event-add-to-cart-rows event_tickets tickera \" style=\"\">\r\n                        <table cellspacing=\"0\" class=\"event_tickets tickera\" style=\"\">\r\n                            <tr><\/tr>\r\n                                                            <tr style=\"\">\r\n                                                                        <td data-column=\"Ticket Type\" style=\"\">Mayores de 60 a\u00f1os (Entre semana &#8211; Recorrido libre)<\/td>\r\n                                                                        <td data-column=\"Price\" style=\"\">$34,000<\/td>\r\n                                                                                                                    <td data-column=\"Quantity\" style=\"\">                                    <div class=\"ticket-quantity\"><div class=\"inner-wrap\"><input type=\"button\" class=\"tickera_button minus\" value=\"-\" data-action=\"minus\" \/><input type=\"text\" inputmode=\"numeric\" pattern=\"[0-9]*\" class=\"tc_quantity_selector\" min=\"1\" max=\"9999\" value=\"1\"><input type=\"button\" class=\"tickera_button plus\" value=\"+\" data-action=\"plus\" \/><\/div><\/div>\r\n                                        <\/td>\r\n                                                                                                            <td data-column=\"Cart\" style=\"\"><form class=\"cart_form\"><input type=\"hidden\" id=\"nonce\" name=\"nonce\" value=\"a9c8fab28b\" \/><input type=\"hidden\" name=\"_wp_http_referer\" value=\"\/entradas\/wp-json\/wp\/v2\/pages\/533\" \/><a href=\"#\" class=\"add_to_cart\" data-button-type=\"cart\" data-open-method=\"regular\" id=\"ticket_504\"><span class=\"title\">Comprar<\/span><\/a><input type=\"hidden\" name=\"ticket_id\" class=\"ticket_id\" value=\"504\" \/><\/form><\/td>\r\n                                    <\/tr>                                <tr style=\"\">\r\n                                                                        <td data-column=\"Ticket Type\" style=\"\">8 -17 a\u00f1os (Entre semana &#8211; Recorrido libre)<\/td>\r\n                                                                        <td data-column=\"Price\" style=\"\">$24,000<\/td>\r\n                                                                                                                    <td data-column=\"Quantity\" style=\"\">                                    <div class=\"ticket-quantity\"><div class=\"inner-wrap\"><input type=\"button\" class=\"tickera_button minus\" value=\"-\" data-action=\"minus\" \/><input type=\"text\" inputmode=\"numeric\" pattern=\"[0-9]*\" class=\"tc_quantity_selector\" min=\"1\" max=\"9999\" value=\"1\"><input type=\"button\" class=\"tickera_button plus\" value=\"+\" data-action=\"plus\" \/><\/div><\/div>\r\n                                        <\/td>\r\n                                                                                                            <td data-column=\"Cart\" style=\"\"><form class=\"cart_form\"><input type=\"hidden\" id=\"nonce\" name=\"nonce\" value=\"a9c8fab28b\" \/><input type=\"hidden\" name=\"_wp_http_referer\" value=\"\/entradas\/wp-json\/wp\/v2\/pages\/533\" \/><a href=\"#\" class=\"add_to_cart\" data-button-type=\"cart\" data-open-method=\"regular\" id=\"ticket_509\"><span class=\"title\">Comprar<\/span><\/a><input type=\"hidden\" name=\"ticket_id\" class=\"ticket_id\" value=\"509\" \/><\/form><\/td>\r\n                                    <\/tr>                                <tr style=\"\">\r\n                                                                        <td data-column=\"Ticket Type\" style=\"\">Adultos (Entre semana &#8211; Recorrido libre)<\/td>\r\n                                                                        <td data-column=\"Price\" style=\"\">$40,000<\/td>\r\n                                                                                                                    <td data-column=\"Quantity\" style=\"\">                                    <div class=\"ticket-quantity\"><div class=\"inner-wrap\"><input type=\"button\" class=\"tickera_button minus\" value=\"-\" data-action=\"minus\" \/><input type=\"text\" inputmode=\"numeric\" pattern=\"[0-9]*\" class=\"tc_quantity_selector\" min=\"1\" max=\"9999\" value=\"1\"><input type=\"button\" class=\"tickera_button plus\" value=\"+\" data-action=\"plus\" \/><\/div><\/div>\r\n                                        <\/td>\r\n                                                                                                            <td data-column=\"Cart\" style=\"\"><form class=\"cart_form\"><input type=\"hidden\" id=\"nonce\" name=\"nonce\" value=\"a9c8fab28b\" \/><input type=\"hidden\" name=\"_wp_http_referer\" value=\"\/entradas\/wp-json\/wp\/v2\/pages\/533\" \/><a href=\"#\" class=\"add_to_cart\" data-button-type=\"cart\" data-open-method=\"regular\" id=\"ticket_513\"><span class=\"title\">Comprar<\/span><\/a><input type=\"hidden\" name=\"ticket_id\" class=\"ticket_id\" value=\"513\" \/><\/form><\/td>\r\n                                    <\/tr>                                <tr style=\"\">\r\n                                                                        <td data-column=\"Ticket Type\" style=\"\">Docente (Entre semana &#8211; Recorrido libre)*<\/td>\r\n                                                                        <td data-column=\"Price\" style=\"\">$30,000<\/td>\r\n                                                                                                                    <td data-column=\"Quantity\" style=\"\">                                    <div class=\"ticket-quantity\"><div class=\"inner-wrap\"><input type=\"button\" class=\"tickera_button minus\" value=\"-\" data-action=\"minus\" \/><input type=\"text\" inputmode=\"numeric\" pattern=\"[0-9]*\" class=\"tc_quantity_selector\" min=\"1\" max=\"9999\" value=\"1\"><input type=\"button\" class=\"tickera_button plus\" value=\"+\" data-action=\"plus\" \/><\/div><\/div>\r\n                                        <\/td>\r\n                                                                                                            <td data-column=\"Cart\" style=\"\"><form class=\"cart_form\"><input type=\"hidden\" id=\"nonce\" name=\"nonce\" value=\"a9c8fab28b\" \/><input type=\"hidden\" name=\"_wp_http_referer\" value=\"\/entradas\/wp-json\/wp\/v2\/pages\/533\" \/><a href=\"#\" class=\"add_to_cart\" data-button-type=\"cart\" data-open-method=\"regular\" id=\"ticket_519\"><span class=\"title\">Comprar<\/span><\/a><input type=\"hidden\" name=\"ticket_id\" class=\"ticket_id\" value=\"519\" \/><\/form><\/td>\r\n                                    <\/tr>                                <tr style=\"\">\r\n                                                                        <td data-column=\"Ticket Type\" style=\"\">Estudiante (Entre semana &#8211; Recorrido libre)*<\/td>\r\n                                                                        <td data-column=\"Price\" style=\"\">$30,000<\/td>\r\n                                                                                                                    <td data-column=\"Quantity\" style=\"\">                                    <div class=\"ticket-quantity\"><div class=\"inner-wrap\"><input type=\"button\" class=\"tickera_button minus\" value=\"-\" data-action=\"minus\" \/><input type=\"text\" inputmode=\"numeric\" pattern=\"[0-9]*\" class=\"tc_quantity_selector\" min=\"1\" max=\"9999\" value=\"1\"><input type=\"button\" class=\"tickera_button plus\" value=\"+\" data-action=\"plus\" \/><\/div><\/div>\r\n                                        <\/td>\r\n                                                                                                            <td data-column=\"Cart\" style=\"\"><form class=\"cart_form\"><input type=\"hidden\" id=\"nonce\" name=\"nonce\" value=\"a9c8fab28b\" \/><input type=\"hidden\" name=\"_wp_http_referer\" value=\"\/entradas\/wp-json\/wp\/v2\/pages\/533\" \/><a href=\"#\" class=\"add_to_cart\" data-button-type=\"cart\" data-open-method=\"regular\" id=\"ticket_521\"><span class=\"title\">Comprar<\/span><\/a><input type=\"hidden\" name=\"ticket_id\" class=\"ticket_id\" value=\"521\" \/><\/form><\/td>\r\n                                    <\/tr>                                <tr style=\"\">\r\n                                                                        <td data-column=\"Ticket Type\" style=\"\">Ni\u00f1os (Entre semana &#8211; Recorrido libre)<\/td>\r\n                                                                        <td data-column=\"Price\" style=\"\">$0<\/td>\r\n                                                                                                                    <td data-column=\"Quantity\" style=\"\">                                    <div class=\"ticket-quantity\"><div class=\"inner-wrap\"><input type=\"button\" class=\"tickera_button minus\" value=\"-\" data-action=\"minus\" \/><input type=\"text\" inputmode=\"numeric\" pattern=\"[0-9]*\" class=\"tc_quantity_selector\" min=\"1\" max=\"9999\" value=\"1\"><input type=\"button\" class=\"tickera_button plus\" value=\"+\" data-action=\"plus\" \/><\/div><\/div>\r\n                                        <\/td>\r\n                                                                                                            <td data-column=\"Cart\" style=\"\"><form class=\"cart_form\"><input type=\"hidden\" id=\"nonce\" name=\"nonce\" value=\"a9c8fab28b\" \/><input type=\"hidden\" name=\"_wp_http_referer\" value=\"\/entradas\/wp-json\/wp\/v2\/pages\/533\" \/><a href=\"#\" class=\"add_to_cart\" data-button-type=\"cart\" data-open-method=\"regular\" id=\"ticket_523\"><span class=\"title\">Comprar<\/span><\/a><input type=\"hidden\" name=\"ticket_id\" class=\"ticket_id\" value=\"523\" \/><\/form><\/td>\r\n                                    <\/tr>                        <\/table>\r\n                    <\/div>\n\n\n\n<p class=\"gb-headline gb-headline-7260f80c gb-headline-text\">*Para acceder al descuento de estudiante o docente, deber\u00e1 validar su calidad mostrando el carn\u00e9 vigente. En caso de no cumplir con este requisito, se aplicar\u00e1 el excedente correspondiente en taquilla.<\/p>\n\n<\/div>\n\n<div class=\"gb-container gb-container-c6301deb\">\n\n<a class=\"gb-button gb-button-9c0466cf gb-button-text\" href=\"https:\/\/casaterracota.com\/entradas\/tickets-cart\/\" id=\"btnPagar\">Pagar<\/a>\n\n<\/div>\n<\/div>","protected":false},"excerpt":{"rendered":"<p>Selecciona la cantidad de entradas que quieres comprar Recorrido autoguiado: Tendr\u00e1s acceso a la explicaci\u00f3n del arquitecto a trav\u00e9s de audios y videos mediante c\u00f3digos QR. Wi-Fi gratuito disponible. *Para acceder al descuento de estudiante o docente, deber\u00e1 validar su calidad mostrando el carn\u00e9 vigente. En caso de no cumplir con este requisito, se aplicar\u00e1 &#8230; <a title=\"Entre semana Temporada Alta &#8211; Recorrido Autoguiado\" class=\"read-more\" href=\"https:\/\/casaterracota.com\/entradas\/entre-semana-temporada-alta\/\" aria-label=\"Leer m\u00e1s sobre Entre semana Temporada Alta &#8211; Recorrido Autoguiado\">Leer m\u00e1s<\/a><\/p>\n","protected":false},"author":1,"featured_media":0,"parent":0,"menu_order":0,"comment_status":"closed","ping_status":"closed","template":"","meta":{"_uag_custom_page_level_css":"","advgb_blocks_editor_width":"","advgb_blocks_columns_visual_guide":"","footnotes":""},"class_list":["post-533","page","type-page","status-publish"],"uagb_featured_image_src":{"full":false,"thumbnail":false,"medium":false,"medium_large":false,"large":false,"1536x1536":false,"2048x2048":false},"uagb_author_info":{"display_name":"admin_terracota","author_link":"https:\/\/casaterracota.com\/entradas\/author\/admin_terracota\/"},"uagb_comment_info":0,"uagb_excerpt":"Selecciona la cantidad de entradas que quieres comprar Recorrido autoguiado: Tendr\u00e1s acceso a la explicaci\u00f3n del arquitecto a trav\u00e9s de audios y videos mediante c\u00f3digos QR. Wi-Fi gratuito disponible. *Para acceder al descuento de estudiante o docente, deber\u00e1 validar su calidad mostrando el carn\u00e9 vigente. En caso de no cumplir con este requisito, se aplicar\u00e1&hellip;","coauthors":[],"author_meta":{"author_link":"https:\/\/casaterracota.com\/entradas\/author\/admin_terracota\/","display_name":"admin_terracota"},"relative_dates":{"created":"Publicado 3 a\u00f1os hace","modified":"Actualizado 1 a\u00f1o hace"},"absolute_dates":{"created":"Publicado el 25 de septiembre de 2023","modified":"Actualizado el 25 de diciembre de 2024"},"absolute_dates_time":{"created":"Publicado el 25 de septiembre de 2023 09:23","modified":"Actualizado el 25 de diciembre de 2024 08:02"},"featured_img_caption":"","featured_img":false,"series_order":"","_links":{"self":[{"href":"https:\/\/casaterracota.com\/entradas\/wp-json\/wp\/v2\/pages\/533","targetHints":{"allow":["GET"]}}],"collection":[{"href":"https:\/\/casaterracota.com\/entradas\/wp-json\/wp\/v2\/pages"}],"about":[{"href":"https:\/\/casaterracota.com\/entradas\/wp-json\/wp\/v2\/types\/page"}],"author":[{"embeddable":true,"href":"https:\/\/casaterracota.com\/entradas\/wp-json\/wp\/v2\/users\/1"}],"replies":[{"embeddable":true,"href":"https:\/\/casaterracota.com\/entradas\/wp-json\/wp\/v2\/comments?post=533"}],"version-history":[{"count":6,"href":"https:\/\/casaterracota.com\/entradas\/wp-json\/wp\/v2\/pages\/533\/revisions"}],"predecessor-version":[{"id":3374,"href":"https:\/\/casaterracota.com\/entradas\/wp-json\/wp\/v2\/pages\/533\/revisions\/3374"}],"wp:attachment":[{"href":"https:\/\/casaterracota.com\/entradas\/wp-json\/wp\/v2\/media?parent=533"}],"curies":[{"name":"wp","href":"https:\/\/api.w.org\/{rel}","templated":true}]}}