{"id":21,"date":"2023-06-21T16:20:41","date_gmt":"2023-06-21T16:20:41","guid":{"rendered":"https:\/\/casaterracota.com\/entradas\/?page_id=21"},"modified":"2026-01-28T15:12:45","modified_gmt":"2026-01-28T20:12:45","slug":"entradas","status":"publish","type":"page","link":"https:\/\/casaterracota.com\/entradas\/","title":{"rendered":"Entradas"},"content":{"rendered":"<div class=\"gb-container gb-container-ca4abf4f\">\n<div class=\"gb-container gb-container-7e10469c\">\n<div class=\"gb-container gb-container-bd61632a\">\n\n<p class=\"gb-headline gb-headline-d5ab1ae9 gb-headline-text\">Selecciona la fecha que quieres visitar Casa Terracota<br><em>Horarios de visita recorrido autoguiado<\/em><\/p>\n\n\n\n<div class=\"fecha-box\">\n<span class=\"arrw\"> > <\/span><input type=\"date\" id=\"fecha\" ><span class=\"arrw\"> < <\/span>\n<p id=\"log\"><\/p>\n<\/div>\n\n\n\n<\/div>\n<\/div>\n\n<div class=\"gb-container gb-container-b40029d7\" id=\"semana\">\n<div class=\"gb-container gb-container-37894c68\">\n\n<p class=\"gb-headline gb-headline-f5b034b7 gb-headline-text\">Entradas entre Semana<\/p>\n\n\n<div class=\"gb-container gb-container-76ebe0ae\">\n\n<a class=\"gb-button gb-button-a747a2d7 gb-button-text\" href=\"https:\/\/casaterracota.com\/entradas\/entre-semana\/\" id=\"btnSemana\">Entradas &#8211; Recorrido Auto-Guiado<\/a>\n\n<\/div>\n\n\n<p class=\"has-text-align-center\"><em><em><em><strong>Recorrido Autoguiado<\/strong>: Podr\u00e1s explorar Casa Terracota a tu ritmo y tendr\u00e1s acceso con tu dispositivo m\u00f3vil al sendero interactivo que contiene audios y videos del arquitecto sobre proceso de construcci\u00f3n, la obra<\/em><\/em><\/em>, y otras curiosidades.<\/p>\n\n\n\n<p class=\"gb-headline gb-headline-6a15f23e gb-headline-text\"><strong>TEMPORADA BAJA<\/strong><\/p>\n\n<\/div>\n<\/div>\n\n<div class=\"gb-container gb-container-856fd146\" id=\"semanaTA\">\n<div class=\"gb-container gb-container-97b02b84\">\n<div class=\"gb-container gb-container-9471eb76\">\n\n<p class=\"gb-headline gb-headline-beb0a564 gb-headline-text\">Entradas entre Semana<\/p>\n\n<\/div>\n\n<div class=\"gb-container gb-container-5242f721\">\n\n<a class=\"gb-button gb-button-d9b3953a gb-button-text\" href=\"https:\/\/casaterracota.com\/entradas\/entre-semana-temporada-alta\/\" id=\"btnSemanaTA\">Entradas &#8211; Recorrido Auto-Guiado<\/a>\n\n<\/div>\n\n\n<p class=\"has-text-align-center\"><em><em><em><em><em><strong>Recorrido Autoguiado<\/strong>: Podr\u00e1s explorar Casa Terracota a tu ritmo y tendr\u00e1s acceso con tu dispositivo m\u00f3vil al sendero interactivo que contiene audios y videos del arquitecto sobre proceso de construcci\u00f3n, la obra<\/em><\/em><\/em>, y otras curiosidades.<\/em><\/em><\/p>\n\n\n\n<p class=\"gb-headline gb-headline-c180ea66 gb-headline-text\"><strong>TEMPORADA ALTA<\/strong><\/p>\n\n<\/div>\n<\/div>\n\n<div class=\"gb-container gb-container-84b9c03b\" id=\"finsemana\">\n<div class=\"gb-container gb-container-7eec4ebd\">\n<div class=\"gb-container gb-container-6f08992c\">\n\n<p class=\"gb-headline gb-headline-075d050e gb-headline-text\">Entradas fin de semana y festivos<\/p>\n\n<\/div>\n\n\n<a class=\"gb-button gb-button-d1efdfb6 gb-button-text\" href=\"https:\/\/casaterracota.com\/entradas\/fin-de-semana\/\" id=\"btnFinsemana\">Entradas &#8211; Recorrido Auto-Guiado<\/a>\n\n\n\n<p class=\"has-text-align-center\"><em><em><em><em><em><em><strong>Recorrido Autoguiado<\/strong>: Podr\u00e1s explorar Casa Terracota a tu ritmo y tendr\u00e1s acceso con tu dispositivo m\u00f3vil al sendero interactivo que contiene audios y videos del arquitecto sobre proceso de construcci\u00f3n, la obra<\/em><\/em><\/em>, y otras curiosidades.<\/em><\/em><\/em><\/p>\n\n\n\n<p class=\"gb-headline gb-headline-90de48d3 gb-headline-text\"><strong>TEMPORADA BAJA<\/strong><\/p>\n\n<\/div>\n<\/div>\n\n<div class=\"gb-container gb-container-e8ec388c\" id=\"finsemanaTA\">\n<div class=\"gb-container gb-container-60b2ddfc\">\n\n<p class=\"gb-headline gb-headline-8c8abf61 gb-headline-text\">Entradas fin de semana y festivos<\/p>\n\n\n\n<a class=\"gb-button gb-button-6c299c02 gb-button-text\" href=\"https:\/\/casaterracota.com\/entradas\/fin-de-semana-temporada-alta\/\" id=\"btnFinsemanaTA\">Entradas &#8211; Recorrido  Auto-Guiado<\/a>\n\n\n\n<p class=\"has-text-align-center\"><em><em><em><em><em><em><strong>Recorrido Autoguiado<\/strong>: Podr\u00e1s explorar Casa Terracota a tu ritmo y tendr\u00e1s acceso con tu dispositivo m\u00f3vil al sendero interactivo que contiene audios y videos del arquitecto sobre proceso de construcci\u00f3n, la obra<\/em><\/em><\/em>, y otras curiosidades.<\/em><\/em><\/em><\/p>\n\n\n\n<p class=\"gb-headline gb-headline-5ede6f67 gb-headline-text\"><strong>TEMPORADA ALTA<\/strong><\/p>\n\n<\/div>\n<\/div>\n\n<div class=\"gb-container gb-container-0fa69094\" id=\"notrabaja\">\n\n<h2 class=\"gb-headline gb-headline-20e89085 gb-headline-text\">Este d\u00eda no tenemos atenci\u00f3n a visitantes.<\/h2>\n\n\n\n<p class=\"gb-headline gb-headline-eaae248a gb-headline-text\">Nuestro horario de atenci\u00f3n a visitantes es de jueves a martes. <br>Los mi\u00e9rcoles no hay visitas.<br><strong>D\u00eda de capacitaciones o mantenimiento<\/strong>.<\/p>\n\n<\/div>\n\n<div class=\"gb-container gb-container-add161ac\" id=\"nodisponible\">\n\n<h2 class=\"gb-headline gb-headline-f723c67e gb-headline-text\"><strong>No disponible<\/strong><\/h2>\n\n\n\n<p class=\"gb-headline gb-headline-f1a04db5 gb-headline-text\">La venta para entradas con fecha mayor a 3 meses no es posible <br><strong>Por favor seleccione otra fecha.<\/strong><\/p>\n\n<\/div>\n<\/div>\n\n<div class=\"gb-container gb-container-3ae3de13\">\n<div class=\"gb-container gb-container-467738e9\">\n\n<a class=\"gb-button gb-button-eb5e2d80\" href=\"https:\/\/casaterracota.com\/entradas\/en\/entradas-english\/\"><span class=\"gb-icon\"><svg xmlns=\"http:\/\/www.w3.org\/2000\/svg\" fill=\"none\" viewBox=\"0 -4 28 28\" height=\"800px\" width=\"800px\"> <g clip-path=\"url(#clip0_1310_7981)\"> <path fill=\"url(#paint0_linear_1310_7981)\" d=\"M27.9998 0H-0.000244141V20H27.9998V0Z\"><\/path> <path fill=\"url(#paint1_linear_1310_7981)\" d=\"M-0.000244141 0H27.9998V1.33333H-0.000244141V0ZM-0.000244141 2.66667H27.9998V4H-0.000244141V2.66667ZM-0.000244141 5.33333H27.9998V6.66667H-0.000244141V5.33333ZM-0.000244141 8H27.9998V9.33333H-0.000244141V8ZM-0.000244141 10.6667H27.9998V12H-0.000244141V10.6667ZM-0.000244141 13.3333H27.9998V14.6667H-0.000244141V13.3333ZM-0.000244141 16H27.9998V17.3333H-0.000244141V16ZM-0.000244141 18.6667H27.9998V20H-0.000244141V18.6667Z\" clip-rule=\"evenodd\" fill-rule=\"evenodd\"><\/path> <path fill=\"url(#paint2_linear_1310_7981)\" d=\"M11.9998 0H-0.000244141V9.33333H11.9998V0Z\"><\/path> <path fill=\"url(#paint3_linear_1310_7981)\" d=\"M1.99992 2.66666C1.63173 2.66666 1.33325 2.36818 1.33325 1.99999C1.33325 1.63181 1.63173 1.33333 1.99992 1.33333C2.36811 1.33333 2.66659 1.63181 2.66659 1.99999C2.66659 2.36818 2.36811 2.66666 1.99992 2.66666ZM4.66659 2.66666C4.2984 2.66666 3.99992 2.36818 3.99992 1.99999C3.99992 1.63181 4.2984 1.33333 4.66659 1.33333C5.03477 1.33333 5.33325 1.63181 5.33325 1.99999C5.33325 2.36818 5.03477 2.66666 4.66659 2.66666ZM7.33325 2.66666C6.96506 2.66666 6.66658 2.36818 6.66658 1.99999C6.66658 1.63181 6.96506 1.33333 7.33325 1.33333C7.70144 1.33333 7.99992 1.63181 7.99992 1.99999C7.99992 2.36818 7.70144 2.66666 7.33325 2.66666ZM9.99992 2.66666C9.63173 2.66666 9.33325 2.36818 9.33325 1.99999C9.33325 1.63181 9.63173 1.33333 9.99992 1.33333C10.3681 1.33333 10.6666 1.63181 10.6666 1.99999C10.6666 2.36818 10.3681 2.66666 9.99992 2.66666ZM3.33325 3.99999C2.96506 3.99999 2.66659 3.70152 2.66659 3.33333C2.66659 2.96514 2.96506 2.66666 3.33325 2.66666C3.70144 2.66666 3.99992 2.96514 3.99992 3.33333C3.99992 3.70152 3.70144 3.99999 3.33325 3.99999ZM5.99992 3.99999C5.63173 3.99999 5.33325 3.70152 5.33325 3.33333C5.33325 2.96514 5.63173 2.66666 5.99992 2.66666C6.36811 2.66666 6.66658 2.96514 6.66658 3.33333C6.66658 3.70152 6.36811 3.99999 5.99992 3.99999ZM8.66658 3.99999C8.2984 3.99999 7.99992 3.70152 7.99992 3.33333C7.99992 2.96514 8.2984 2.66666 8.66658 2.66666C9.03477 2.66666 9.33325 2.96514 9.33325 3.33333C9.33325 3.70152 9.03477 3.99999 8.66658 3.99999ZM9.99992 5.33333C9.63173 5.33333 9.33325 5.03485 9.33325 4.66666C9.33325 4.29847 9.63173 3.99999 9.99992 3.99999C10.3681 3.99999 10.6666 4.29847 10.6666 4.66666C10.6666 5.03485 10.3681 5.33333 9.99992 5.33333ZM7.33325 5.33333C6.96506 5.33333 6.66658 5.03485 6.66658 4.66666C6.66658 4.29847 6.96506 3.99999 7.33325 3.99999C7.70144 3.99999 7.99992 4.29847 7.99992 4.66666C7.99992 5.03485 7.70144 5.33333 7.33325 5.33333ZM4.66659 5.33333C4.2984 5.33333 3.99992 5.03485 3.99992 4.66666C3.99992 4.29847 4.2984 3.99999 4.66659 3.99999C5.03477 3.99999 5.33325 4.29847 5.33325 4.66666C5.33325 5.03485 5.03477 5.33333 4.66659 5.33333ZM1.99992 5.33333C1.63173 5.33333 1.33325 5.03485 1.33325 4.66666C1.33325 4.29847 1.63173 3.99999 1.99992 3.99999C2.36811 3.99999 2.66659 4.29847 2.66659 4.66666C2.66659 5.03485 2.36811 5.33333 1.99992 5.33333ZM3.33325 6.66666C2.96506 6.66666 2.66659 6.36818 2.66659 5.99999C2.66659 5.6318 2.96506 5.33333 3.33325 5.33333C3.70144 5.33333 3.99992 5.6318 3.99992 5.99999C3.99992 6.36818 3.70144 6.66666 3.33325 6.66666ZM5.99992 6.66666C5.63173 6.66666 5.33325 6.36818 5.33325 5.99999C5.33325 5.6318 5.63173 5.33333 5.99992 5.33333C6.36811 5.33333 6.66658 5.6318 6.66658 5.99999C6.66658 6.36818 6.36811 6.66666 5.99992 6.66666ZM8.66658 6.66666C8.2984 6.66666 7.99992 6.36818 7.99992 5.99999C7.99992 5.6318 8.2984 5.33333 8.66658 5.33333C9.03477 5.33333 9.33325 5.6318 9.33325 5.99999C9.33325 6.36818 9.03477 6.66666 8.66658 6.66666ZM9.99992 7.99999C9.63173 7.99999 9.33325 7.70152 9.33325 7.33333C9.33325 6.96514 9.63173 6.66666 9.99992 6.66666C10.3681 6.66666 10.6666 6.96514 10.6666 7.33333C10.6666 7.70152 10.3681 7.99999 9.99992 7.99999ZM7.33325 7.99999C6.96506 7.99999 6.66658 7.70152 6.66658 7.33333C6.66658 6.96514 6.96506 6.66666 7.33325 6.66666C7.70144 6.66666 7.99992 6.96514 7.99992 7.33333C7.99992 7.70152 7.70144 7.99999 7.33325 7.99999ZM4.66659 7.99999C4.2984 7.99999 3.99992 7.70152 3.99992 7.33333C3.99992 6.96514 4.2984 6.66666 4.66659 6.66666C5.03477 6.66666 5.33325 6.96514 5.33325 7.33333C5.33325 7.70152 5.03477 7.99999 4.66659 7.99999ZM1.99992 7.99999C1.63173 7.99999 1.33325 7.70152 1.33325 7.33333C1.33325 6.96514 1.63173 6.66666 1.99992 6.66666C2.36811 6.66666 2.66659 6.96514 2.66659 7.33333C2.66659 7.70152 2.36811 7.99999 1.99992 7.99999Z\" clip-rule=\"evenodd\" fill-rule=\"evenodd\"><\/path> <\/g> <defs> <linearGradient gradientUnits=\"userSpaceOnUse\" y2=\"20\" x2=\"13.9998\" y1=\"0\" x1=\"13.9998\" id=\"paint0_linear_1310_7981\"> <stop stop-color=\"white\"><\/stop> <stop stop-color=\"#F0F0F0\" offset=\"1\"><\/stop> <\/linearGradient> <linearGradient gradientUnits=\"userSpaceOnUse\" y2=\"20\" x2=\"13.9998\" y1=\"0\" x1=\"13.9998\" id=\"paint1_linear_1310_7981\"> <stop stop-color=\"#D02F44\"><\/stop> <stop stop-color=\"#B12537\" offset=\"1\"><\/stop> <\/linearGradient> <linearGradient gradientUnits=\"userSpaceOnUse\" y2=\"9.33333\" x2=\"5.99976\" y1=\"0\" x1=\"5.99976\" id=\"paint2_linear_1310_7981\"> <stop stop-color=\"#46467F\"><\/stop> <stop stop-color=\"#3C3C6D\" offset=\"1\"><\/stop> <\/linearGradient> <linearGradient gradientUnits=\"userSpaceOnUse\" y2=\"7.99999\" x2=\"5.99992\" y1=\"1.33333\" x1=\"5.99992\" id=\"paint3_linear_1310_7981\"> <stop stop-color=\"white\"><\/stop> <stop stop-color=\"#F0F0F0\" offset=\"1\"><\/stop> <\/linearGradient> <clipPath id=\"clip0_1310_7981\"> <rect fill=\"white\" rx=\"2\" height=\"20\" width=\"28\"><\/rect> <\/clipPath> <\/defs> <\/svg><\/span><span class=\"gb-button-text\">Purchase your tickets online (English)<\/span><\/a>\n\n<\/div>\n<\/div><style class=\"advgb-styles-renderer\">\n#fecha{\n font-size:1.4em;\n display:inline-block;\n}\n.arrw{\n font-size:1.4em;\n color:#790000;\n font-weight:bold;\n display:inline-block;\n}\n<\/style>","protected":false},"excerpt":{"rendered":"<p>Selecciona la fecha que quieres visitar Casa TerracotaHorarios de visita recorrido autoguiado > < Entradas entre Semana Recorrido Autoguiado: Podr\u00e1s explorar Casa Terracota a tu ritmo y tendr\u00e1s acceso con tu dispositivo m\u00f3vil al sendero interactivo que contiene audios y videos del arquitecto sobre proceso de construcci\u00f3n, la obra, y otras curiosidades. TEMPORADA BAJA Entradas ... <a title=\"Entradas\" class=\"read-more\" href=\"https:\/\/casaterracota.com\/entradas\/\" aria-label=\"Leer m\u00e1s sobre Entradas\">Leer m\u00e1s<\/a><\/p>\n","protected":false},"author":1,"featured_media":0,"parent":0,"menu_order":0,"comment_status":"closed","ping_status":"closed","template":"","meta":{"_uag_custom_page_level_css":"","advgb_blocks_editor_width":"","advgb_blocks_columns_visual_guide":"","footnotes":""},"class_list":["post-21","page","type-page","status-publish"],"uagb_featured_image_src":{"full":false,"thumbnail":false,"medium":false,"medium_large":false,"large":false,"1536x1536":false,"2048x2048":false},"uagb_author_info":{"display_name":"admin_terracota","author_link":"https:\/\/casaterracota.com\/entradas\/author\/admin_terracota\/"},"uagb_comment_info":0,"uagb_excerpt":"Selecciona la fecha que quieres visitar Casa TerracotaHorarios de visita recorrido autoguiado > < Entradas entre Semana Recorrido Autoguiado: Podr\u00e1s explorar Casa Terracota a tu ritmo y tendr\u00e1s acceso con tu dispositivo m\u00f3vil al sendero interactivo que contiene audios y videos del arquitecto sobre proceso de construcci\u00f3n, la obra, y otras curiosidades. TEMPORADA BAJA Entradas&hellip;","coauthors":[],"author_meta":{"author_link":"https:\/\/casaterracota.com\/entradas\/author\/admin_terracota\/","display_name":"admin_terracota"},"relative_dates":{"created":"Publicado 3 a\u00f1os hace","modified":"Actualizado 2 meses hace"},"absolute_dates":{"created":"Publicado el 21 de junio de 2023","modified":"Actualizado el 28 de enero de 2026"},"absolute_dates_time":{"created":"Publicado el 21 de junio de 2023 16:20","modified":"Actualizado el 28 de enero de 2026 15:12"},"featured_img_caption":"","featured_img":false,"series_order":"","_links":{"self":[{"href":"https:\/\/casaterracota.com\/entradas\/wp-json\/wp\/v2\/pages\/21","targetHints":{"allow":["GET"]}}],"collection":[{"href":"https:\/\/casaterracota.com\/entradas\/wp-json\/wp\/v2\/pages"}],"about":[{"href":"https:\/\/casaterracota.com\/entradas\/wp-json\/wp\/v2\/types\/page"}],"author":[{"embeddable":true,"href":"https:\/\/casaterracota.com\/entradas\/wp-json\/wp\/v2\/users\/1"}],"replies":[{"embeddable":true,"href":"https:\/\/casaterracota.com\/entradas\/wp-json\/wp\/v2\/comments?post=21"}],"version-history":[{"count":93,"href":"https:\/\/casaterracota.com\/entradas\/wp-json\/wp\/v2\/pages\/21\/revisions"}],"predecessor-version":[{"id":3550,"href":"https:\/\/casaterracota.com\/entradas\/wp-json\/wp\/v2\/pages\/21\/revisions\/3550"}],"wp:attachment":[{"href":"https:\/\/casaterracota.com\/entradas\/wp-json\/wp\/v2\/media?parent=21"}],"curies":[{"name":"wp","href":"https:\/\/api.w.org\/{rel}","templated":true}]}}